{"id":2808,"date":"2026-02-27T13:06:28","date_gmt":"2026-02-27T05:06:28","guid":{"rendered":"http:\/\/101.200.122.194\/?page_id=2808"},"modified":"2026-05-12T14:22:17","modified_gmt":"2026-05-12T06:22:17","slug":"dr-%e6%88%90%e5%83%8f%e7%b3%bb%e7%bb%9f%e5%8f%8a%e9%85%8d%e4%bb%b6","status":"publish","type":"page","link":"http:\/\/www.bjtoptec.com\/en\/dr-%e6%88%90%e5%83%8f%e7%b3%bb%e7%bb%9f%e5%8f%8a%e9%85%8d%e4%bb%b6\/","title":{"rendered":"DR Imaging Systems and Accessories"},"content":{"rendered":"<div data-spectra-id=\"37fe9e23\"\tstyle=\"overflow: visible; --spectra-background-color: var(u002du002dast-global-color-7); --spectra-overlay-opacity: 0.5;\" class=\"spectra-is-root-container alignfull spectra-overlay-color spectra-overflow spectra-background-color spectra-dim-ratio wp-block-spectra-container\" data-orientation=\"vertical\"\t>\n\t\n\t<h1 data-spectra-id=\"spectra-bf7b5b87-heading\" style=\"color:#ffffff\" class=\"wp-block-spectra-content has-text-color\">\n\t\tDR Imaging Systems and Accessories\t<\/h1>\n\n<\/div>\n\n\n<div data-spectra-id=\"spectra-mm1gedyl-9om2r7\" class=\"wp-block-button spectra-buttons wp-block-spectra-buttons\">\n\t\n<a data-spectra-id=\"spectra-mm1gee2l-xf0mmd\" href=\"http:\/\/101.200.122.194\/%e4%ba%a7%e5%93%81%e4%bb%a3%e7%90%86%e4%b8%9a%e5%8a%a1\/\" target=\"_self\" aria-label=\"Back\" class=\"wp-block-button__link wp-element-button wp-block-spectra-button\">\n<div class=\"spectra-button__link\">Back<\/div><\/a>\n\n<\/div>\n\n\n<div data-spectra-id=\"spectra-mlg0zq1i-pllpo8\"\tstyle=\"overflow: visible;\" class=\"spectra-is-root-container alignfull spectra-overlay-color spectra-overflow wp-block-spectra-container\" data-orientation=\"vertical\"\t>\n\t\n\n<figure data-spectra-id=\"spectra-mlg13ckz-h4w0ky\" class=\"wp-block-image size-full\"><img loading=\"lazy\" decoding=\"async\" width=\"725\" height=\"475\" src=\"http:\/\/101.200.122.194\/wp-content\/uploads\/2026\/02\/\u6210\u50cf\u7cfb\u7edf.png\" alt=\"\" class=\"wp-image-2785\" srcset=\"http:\/\/www.bjtoptec.com\/wp-content\/uploads\/2026\/02\/\u6210\u50cf\u7cfb\u7edf.png 725w, http:\/\/www.bjtoptec.com\/wp-content\/uploads\/2026\/02\/\u6210\u50cf\u7cfb\u7edf-300x197.png 300w\" sizes=\"auto, (max-width: 725px) 100vw, 725px\" \/><figcaption class=\"wp-element-caption\">DR Imaging Systems and Accessories<\/figcaption><\/figure>\n\n\n\n<div class=\"wp-block-group is-layout-constrained wp-container-core-group-is-layout-0b78d823 wp-block-group-is-layout-constrained\" style=\"margin-top:var(--wp--preset--spacing--50);margin-bottom:var(--wp--preset--spacing--50)\">\n<p style=\"margin-top:var(--wp--preset--spacing--20);margin-bottom:var(--wp--preset--spacing--20);font-size:16px\"><strong>Logos Imaging\u2019s DR Imaging Systems and Accessories<\/strong><\/p>\n\n\n\n<p style=\"margin-top:0;margin-right:0;margin-bottom:0;margin-left:0\">Glass-Free DR Flat Panel Detector System for Security Applications<\/p>\n\n\n\n<p style=\"margin-top:0;margin-right:0;margin-bottom:0;margin-left:0\">Logos Imaging offers three unique DR flat panel detector systems for the security market. Designed and manufactured with ruggedness and simplicity in mind, our DR systems deliver outstanding performance even in harsh weather conditions.<\/p>\n\n\n\n<p style=\"margin-top:var(--wp--preset--spacing--20);margin-bottom:var(--wp--preset--spacing--20)\"><strong>SOST\u00d3S II Flat Panel System 10\" x 10\"<\/strong><\/p>\n\n\n\n<p>Logos Imaging\u2019s SOST\u00d3S II system, equipped with the glass-free SOST\u00d3S II flat panel imager, is our smallest DR imaging system. The SOST\u00d3S II panel enables near-ground imaging and offers 16-bit image clarity, making it ideal for operations where space is limited. At just 2.8 lb (1.2 kg) and only 0.6 in (1.5 cm) thick, it is the smallest and lightest imager Logos Imaging currently offers. The versatile SOST\u00d3S II fits into a custom backpack for easy deployment by a single operator.<\/p>\n\n\n\n<figure data-spectra-id=\"spectra-mm4fgipv-0io08h\" class=\"wp-block-image size-full\"><img loading=\"lazy\" decoding=\"async\" width=\"725\" height=\"475\" src=\"http:\/\/101.200.122.194\/wp-content\/uploads\/2026\/02\/1.png\" alt=\"\" class=\"wp-image-2810\" srcset=\"http:\/\/www.bjtoptec.com\/wp-content\/uploads\/2026\/02\/1.png 725w, http:\/\/www.bjtoptec.com\/wp-content\/uploads\/2026\/02\/1-300x197.png 300w\" sizes=\"auto, (max-width: 725px) 100vw, 725px\" \/><\/figure>\n\n\n\n<p><strong>XIROS II Panel System, 12\" x 12\"<\/strong><\/p>\n\n\n\n<p>Logos Imaging\u2019s XIROS II is one of our most popular DR imaging systems. The XIROS II 2929NN panel features a glass-free design and delivers the smallest bezel on the market, measuring just 3 mm. Its IP67-rated enclosure ensures exceptional durability. The XIROS II all-wireless system comes in a backpack configuration, weighs less than 9 kg (20 lbs), and is the ideal choice for explosive ordnance disposal (EOD) operations.<\/p>\n\n\n\n<figure data-spectra-id=\"spectra-mm4fgipx-a15isy\" class=\"wp-block-image size-full\"><img loading=\"lazy\" decoding=\"async\" width=\"725\" height=\"475\" src=\"http:\/\/101.200.122.194\/wp-content\/uploads\/2026\/02\/2.png\" alt=\"\" class=\"wp-image-2811\" srcset=\"http:\/\/www.bjtoptec.com\/wp-content\/uploads\/2026\/02\/2.png 725w, http:\/\/www.bjtoptec.com\/wp-content\/uploads\/2026\/02\/2-300x197.png 300w\" sizes=\"auto, (max-width: 725px) 100vw, 725px\" \/><\/figure>\n\n\n\n<p><strong>SOSTOS II Panel System, 14\" x 17\"<\/strong><\/p>\n\n\n\n<p>Logos Imaging\u2019s STEN\u00d3S II is a rugged, large-format DR imaging system. We were the first to introduce a glass-free DR imager to the security market, and the 14\" x 17\" STEN\u00d3S II with the 3543NN panel further reflects Logos Imaging\u2019s commitment to leading-edge DR imaging design.<\/p>\n\n\n\n<figure data-spectra-id=\"spectra-mm4fgipz-yetpb9\" class=\"wp-block-image size-full\"><img loading=\"lazy\" decoding=\"async\" width=\"725\" height=\"475\" src=\"http:\/\/101.200.122.194\/wp-content\/uploads\/2026\/02\/3.png\" alt=\"\" class=\"wp-image-2812\" srcset=\"http:\/\/www.bjtoptec.com\/wp-content\/uploads\/2026\/02\/3.png 725w, http:\/\/www.bjtoptec.com\/wp-content\/uploads\/2026\/02\/3-300x197.png 300w\" sizes=\"auto, (max-width: 725px) 100vw, 725px\" \/><\/figure>\n<\/div>\n\n<\/div>\n\n\n\n<p><\/p>","protected":false},"excerpt":{"rendered":"","protected":false},"author":1,"featured_media":0,"parent":0,"menu_order":0,"comment_status":"closed","ping_status":"closed","template":"","meta":{"_uag_custom_page_level_css":"","site-sidebar-layout":"no-sidebar","site-content-layout":"plain-container","ast-site-content-layout":"normal-width-container","site-content-style":"unboxed","site-sidebar-style":"unboxed","ast-global-header-display":"","ast-banner-title-visibility":"","ast-main-header-display":"","ast-hfb-above-header-display":"","ast-hfb-below-header-display":"","ast-hfb-mobile-header-display":"","site-post-title":"disabled","ast-breadcrumbs-content":"","ast-featured-img":"disabled","footer-sml-layout":"","ast-disable-related-posts":"","theme-transparent-header-meta":"enabled","adv-header-id-meta":"","stick-header-meta":"","header-above-stick-meta":"","header-main-stick-meta":"","header-below-stick-meta":"","astra-migrate-meta-layouts":"set","ast-page-background-enabled":"default","ast-page-background-meta":{"desktop":{"background-color":"var(--ast-global-color-4)","background-image":"","background-repeat":"repeat","background-position":"center center","background-size":"auto","background-attachment":"scroll","background-type":"","background-media":"","overlay-type":"","overlay-color":"","overlay-opacity":"","overlay-gradient":""},"tablet":{"background-color":"","background-image":"","background-repeat":"repeat","background-position":"center center","background-size":"auto","background-attachment":"scroll","background-type":"","background-media":"","overlay-type":"","overlay-color":"","overlay-opacity":"","overlay-gradient":""},"mobile":{"background-color":"","background-image":"","background-repeat":"repeat","background-position":"center center","background-size":"auto","background-attachment":"scroll","background-type":"","background-media":"","overlay-type":"","overlay-color":"","overlay-opacity":"","overlay-gradient":""}},"ast-content-background-meta":{"desktop":{"background-color":"var(--ast-global-color-5)","background-image":"","background-repeat":"repeat","background-position":"center center","background-size":"auto","background-attachment":"scroll","background-type":"","background-media":"","overlay-type":"","overlay-color":"","overlay-opacity":"","overlay-gradient":""},"tablet":{"background-color":"var(--ast-global-color-5)","background-image":"","background-repeat":"repeat","background-position":"center center","background-size":"auto","background-attachment":"scroll","background-type":"","background-media":"","overlay-type":"","overlay-color":"","overlay-opacity":"","overlay-gradient":""},"mobile":{"background-color":"var(--ast-global-color-5)","background-image":"","background-repeat":"repeat","background-position":"center center","background-size":"auto","background-attachment":"scroll","background-type":"","background-media":"","overlay-type":"","overlay-color":"","overlay-opacity":"","overlay-gradient":""}},"footnotes":""},"class_list":["post-2808","page","type-page","status-publish","hentry"],"uagb_featured_image_src":{"full":false,"thumbnail":false,"medium":false,"medium_large":false,"large":false,"1536x1536":false,"2048x2048":false,"trp-custom-language-flag":false},"uagb_author_info":{"display_name":"admin","author_link":"http:\/\/www.bjtoptec.com\/en\/author\/admin\/"},"uagb_comment_info":0,"uagb_excerpt":null,"_links":{"self":[{"href":"http:\/\/www.bjtoptec.com\/en\/wp-json\/wp\/v2\/pages\/2808","targetHints":{"allow":["GET"]}}],"collection":[{"href":"http:\/\/www.bjtoptec.com\/en\/wp-json\/wp\/v2\/pages"}],"about":[{"href":"http:\/\/www.bjtoptec.com\/en\/wp-json\/wp\/v2\/types\/page"}],"author":[{"embeddable":true,"href":"http:\/\/www.bjtoptec.com\/en\/wp-json\/wp\/v2\/users\/1"}],"replies":[{"embeddable":true,"href":"http:\/\/www.bjtoptec.com\/en\/wp-json\/wp\/v2\/comments?post=2808"}],"version-history":[{"count":8,"href":"http:\/\/www.bjtoptec.com\/en\/wp-json\/wp\/v2\/pages\/2808\/revisions"}],"predecessor-version":[{"id":3149,"href":"http:\/\/www.bjtoptec.com\/en\/wp-json\/wp\/v2\/pages\/2808\/revisions\/3149"}],"wp:attachment":[{"href":"http:\/\/www.bjtoptec.com\/en\/wp-json\/wp\/v2\/media?parent=2808"}],"curies":[{"name":"wp","href":"https:\/\/api.w.org\/{rel}","templated":true}]}}