{"id":2805,"date":"2026-02-27T13:02:32","date_gmt":"2026-02-27T05:02:32","guid":{"rendered":"http:\/\/101.200.122.194\/?page_id=2805"},"modified":"2026-05-12T10:48:27","modified_gmt":"2026-05-12T02:48:27","slug":"chroma%e2%85%b1","status":"publish","type":"page","link":"http:\/\/www.bjtoptec.com\/en\/chroma%e2%85%b1\/","title":{"rendered":"CHROMA\u2161"},"content":{"rendered":"<div data-spectra-id=\"37fe9e23\"\tstyle=\"overflow: visible; --spectra-background-color: var(u002du002dast-global-color-7); --spectra-overlay-opacity: 0.5;\" class=\"spectra-is-root-container alignfull spectra-overlay-color spectra-overflow spectra-background-color spectra-dim-ratio wp-block-spectra-container\" data-orientation=\"vertical\"\t>\n\t\n\t<h1 data-spectra-id=\"spectra-bf7b5b87-heading\" style=\"color:#ffffff\" class=\"wp-block-spectra-content has-text-color\">\n\t\tCHROMA\u2161\t<\/h1>\n\n<\/div>\n\n\n<div data-spectra-id=\"spectra-mm1gedyl-9om2r7\" class=\"wp-block-button spectra-buttons wp-block-spectra-buttons\">\n\t\n<a data-spectra-id=\"spectra-mm1gee2l-xf0mmd\" href=\"http:\/\/101.200.122.194\/%e4%ba%a7%e5%93%81%e4%bb%a3%e7%90%86%e4%b8%9a%e5%8a%a1\/\" target=\"_self\" aria-label=\"Back\" class=\"wp-block-button__link wp-element-button wp-block-spectra-button\">\n<div class=\"spectra-button__link\">Back<\/div><\/a>\n\n<\/div>\n\n\n<div data-spectra-id=\"spectra-mlg0zq1i-pllpo8\"\tstyle=\"overflow: visible;\" class=\"spectra-is-root-container alignfull spectra-overlay-color spectra-overflow wp-block-spectra-container\" data-orientation=\"vertical\"\t>\n\t\n\n<figure data-spectra-id=\"spectra-mlg13ckz-h4w0ky\" class=\"wp-block-image size-full\"><img loading=\"lazy\" decoding=\"async\" width=\"725\" height=\"475\" src=\"http:\/\/101.200.122.194\/wp-content\/uploads\/2026\/02\/CHROMA\u2161.png\" alt=\"\" class=\"wp-image-2787\" srcset=\"http:\/\/www.bjtoptec.com\/wp-content\/uploads\/2026\/02\/CHROMA\u2161.png 725w, http:\/\/www.bjtoptec.com\/wp-content\/uploads\/2026\/02\/CHROMA\u2161-300x197.png 300w\" sizes=\"auto, (max-width: 725px) 100vw, 725px\" \/><figcaption class=\"wp-element-caption\">CHROMA\u2161<\/figcaption><\/figure>\n\n\n\n<div class=\"wp-block-group is-layout-constrained wp-container-core-group-is-layout-0b78d823 wp-block-group-is-layout-constrained\" style=\"margin-top:var(--wp--preset--spacing--50);margin-bottom:var(--wp--preset--spacing--50)\">\n<p style=\"font-size:16px\">Logos Imaging\u2019s CHR\u00d3MA II is a material identification module for detecting organic materials. With just the touch of a button, users can identify different material types. The module is fully compatible with all Logos Imaging DR systems and can also be used with the Golden Engineering XR150, XR200, XRS3, or XRS4.<\/p>\n\n\n\n<p style=\"margin-top:var(--wp--preset--spacing--20);margin-bottom:var(--wp--preset--spacing--20);font-size:16px\"><strong>Product Information<\/strong><\/p>\n\n\n\n<p style=\"margin-top:var(--wp--preset--spacing--20);margin-bottom:var(--wp--preset--spacing--20);font-size:16px\">CHR\u00d3MA II is powered directly by the Golden power source output and requires no additional batteries.<\/p>\n\n\n\n<p style=\"margin-top:var(--wp--preset--spacing--20);margin-bottom:var(--wp--preset--spacing--20);font-size:16px\"><strong>Specifications<\/strong><\/p>\n\n\n\n<figure style=\"font-size:14px\" class=\"wp-block-table\"><table class=\"has-fixed-layout\"><tbody><tr><td>Dimensions (L \u00d7 W \u00d7 H)<\/td><td>3.4 in \u00d7 3.2 in \u00d7 1.1 in (87 mm \u00d7 82 mm \u00d7 27.5 mm)<\/td><\/tr><tr><td>Weight<\/td><td>0.055 lb (240 g)<\/td><\/tr><tr><td>Connectors<\/td><td>1 \u00d7 7-pin LEMO K series plug<br>1 \u00d7 7-pin LEMO K series receptacle<\/td><\/tr><tr><td>Input power<\/td><td>5 V DC from Golden Source<\/td><\/tr><tr><td>Image output<\/td><td>Orange = organic materials<br>Green = medium-density inorganic materials<br>Blue = high-density inorganic materials<\/td><\/tr><\/tbody><\/table><\/figure>\n<\/div>\n\n<\/div>\n\n\n\n<p><\/p>","protected":false},"excerpt":{"rendered":"","protected":false},"author":1,"featured_media":0,"parent":0,"menu_order":0,"comment_status":"closed","ping_status":"closed","template":"","meta":{"_uag_custom_page_level_css":"","site-sidebar-layout":"no-sidebar","site-content-layout":"plain-container","ast-site-content-layout":"normal-width-container","site-content-style":"unboxed","site-sidebar-style":"unboxed","ast-global-header-display":"","ast-banner-title-visibility":"","ast-main-header-display":"","ast-hfb-above-header-display":"","ast-hfb-below-header-display":"","ast-hfb-mobile-header-display":"","site-post-title":"disabled","ast-breadcrumbs-content":"","ast-featured-img":"disabled","footer-sml-layout":"","ast-disable-related-posts":"","theme-transparent-header-meta":"enabled","adv-header-id-meta":"","stick-header-meta":"","header-above-stick-meta":"","header-main-stick-meta":"","header-below-stick-meta":"","astra-migrate-meta-layouts":"set","ast-page-background-enabled":"default","ast-page-background-meta":{"desktop":{"background-color":"var(--ast-global-color-4)","background-image":"","background-repeat":"repeat","background-position":"center center","background-size":"auto","background-attachment":"scroll","background-type":"","background-media":"","overlay-type":"","overlay-color":"","overlay-opacity":"","overlay-gradient":""},"tablet":{"background-color":"","background-image":"","background-repeat":"repeat","background-position":"center center","background-size":"auto","background-attachment":"scroll","background-type":"","background-media":"","overlay-type":"","overlay-color":"","overlay-opacity":"","overlay-gradient":""},"mobile":{"background-color":"","background-image":"","background-repeat":"repeat","background-position":"center center","background-size":"auto","background-attachment":"scroll","background-type":"","background-media":"","overlay-type":"","overlay-color":"","overlay-opacity":"","overlay-gradient":""}},"ast-content-background-meta":{"desktop":{"background-color":"var(--ast-global-color-5)","background-image":"","background-repeat":"repeat","background-position":"center center","background-size":"auto","background-attachment":"scroll","background-type":"","background-media":"","overlay-type":"","overlay-color":"","overlay-opacity":"","overlay-gradient":""},"tablet":{"background-color":"var(--ast-global-color-5)","background-image":"","background-repeat":"repeat","background-position":"center center","background-size":"auto","background-attachment":"scroll","background-type":"","background-media":"","overlay-type":"","overlay-color":"","overlay-opacity":"","overlay-gradient":""},"mobile":{"background-color":"var(--ast-global-color-5)","background-image":"","background-repeat":"repeat","background-position":"center center","background-size":"auto","background-attachment":"scroll","background-type":"","background-media":"","overlay-type":"","overlay-color":"","overlay-opacity":"","overlay-gradient":""}},"footnotes":""},"class_list":["post-2805","page","type-page","status-publish","hentry"],"uagb_featured_image_src":{"full":false,"thumbnail":false,"medium":false,"medium_large":false,"large":false,"1536x1536":false,"2048x2048":false,"trp-custom-language-flag":false},"uagb_author_info":{"display_name":"admin","author_link":"http:\/\/www.bjtoptec.com\/en\/author\/admin\/"},"uagb_comment_info":0,"uagb_excerpt":null,"_links":{"self":[{"href":"http:\/\/www.bjtoptec.com\/en\/wp-json\/wp\/v2\/pages\/2805","targetHints":{"allow":["GET"]}}],"collection":[{"href":"http:\/\/www.bjtoptec.com\/en\/wp-json\/wp\/v2\/pages"}],"about":[{"href":"http:\/\/www.bjtoptec.com\/en\/wp-json\/wp\/v2\/types\/page"}],"author":[{"embeddable":true,"href":"http:\/\/www.bjtoptec.com\/en\/wp-json\/wp\/v2\/users\/1"}],"replies":[{"embeddable":true,"href":"http:\/\/www.bjtoptec.com\/en\/wp-json\/wp\/v2\/comments?post=2805"}],"version-history":[{"count":3,"href":"http:\/\/www.bjtoptec.com\/en\/wp-json\/wp\/v2\/pages\/2805\/revisions"}],"predecessor-version":[{"id":3146,"href":"http:\/\/www.bjtoptec.com\/en\/wp-json\/wp\/v2\/pages\/2805\/revisions\/3146"}],"wp:attachment":[{"href":"http:\/\/www.bjtoptec.com\/en\/wp-json\/wp\/v2\/media?parent=2805"}],"curies":[{"name":"wp","href":"https:\/\/api.w.org\/{rel}","templated":true}]}}